{"id":14101,"date":"2024-10-20T12:22:53","date_gmt":"2024-10-20T10:22:53","guid":{"rendered":"https:\/\/birkoff.rs\/savezjos\/?page_id=14101"},"modified":"2025-07-22T12:07:33","modified_gmt":"2025-07-22T10:07:33","slug":"stipendije-za-2020-godinu","status":"publish","type":"page","link":"https:\/\/birkoff.rs\/savezjos\/stipendije\/stipendije-za-2020-godinu\/","title":{"rendered":"Stipendije za 2020. godinu"},"content":{"rendered":"<div class=\"wpb-content-wrapper\"><p>[vc_section full_width=&#8221;stretch_row&#8221; woodmart_css_id=&#8221;670bdfe331ab0&#8243; responsive_spacing=&#8221;eyJwYXJhbV90eXBlIjoid29vZG1hcnRfcmVzcG9uc2l2ZV9zcGFjaW5nIiwic2VsZWN0b3JfaWQiOiI2NzBiZGZlMzMxYWIwIiwic2hvcnRjb2RlIjoidmNfc2VjdGlvbiIsImRhdGEiOnsidGFibGV0Ijp7fSwibW9iaWxlIjp7fX19&#8243; mobile_bg_img_hidden=&#8221;no&#8221; tablet_bg_img_hidden=&#8221;no&#8221; woodmart_parallax=&#8221;0&#8243; woodmart_gradient_switch=&#8221;no&#8221; woodmart_box_shadow=&#8221;no&#8221; wd_z_index=&#8221;no&#8221; woodmart_disable_overflow=&#8221;0&#8243; css=&#8221;.vc_custom_1728831478966{margin-top: -40px !important;}&#8221;][vc_row woodmart_stretch_content=&#8221;section-stretch&#8221; woodmart_bg_position=&#8221;center-center&#8221; css=&#8221;.vc_custom_1728814278194{background-color: #FFFFFF !important;background-position: center !important;background-repeat: no-repeat !important;background-size: cover !important;}&#8221; woodmart_css_id=&#8221;670b9caf40f61&#8243; responsive_spacing=&#8221;eyJwYXJhbV90eXBlIjoid29vZG1hcnRfcmVzcG9uc2l2ZV9zcGFjaW5nIiwic2VsZWN0b3JfaWQiOiI2NzBiOWNhZjQwZjYxIiwic2hvcnRjb2RlIjoidmNfcm93IiwiZGF0YSI6eyJ0YWJsZXQiOnt9LCJtb2JpbGUiOnt9fX0=&#8221; mobile_bg_img_hidden=&#8221;no&#8221; tablet_bg_img_hidden=&#8221;no&#8221; woodmart_parallax=&#8221;0&#8243; woodmart_gradient_switch=&#8221;no&#8221; woodmart_box_shadow=&#8221;no&#8221; wd_z_index=&#8221;no&#8221; woodmart_disable_overflow=&#8221;0&#8243; row_reverse_mobile=&#8221;0&#8243; row_reverse_tablet=&#8221;0&#8243; el_class=&#8221;bread&#8221;][vc_column][vc_column_text css=&#8221;&#8221; woodmart_inline=&#8221;no&#8221; text_larger=&#8221;no&#8221;]<style data-type=\"vc_shortcodes-custom-css\">.vc_custom_1739825205018{margin-top: -70px !important;margin-bottom: 0px !important;background: #FFFFFF url(https:\/\/birkoff.rs\/savezjos\/wp-content\/uploads\/2024\/10\/bg-scaled.jpg?id=18141) !important;background-position: center !important;background-repeat: no-repeat !important;background-size: cover !important;}.vc_custom_1739826911104{margin-bottom: 0px !important;padding-top: 70px !important;padding-left: 15px !important;}.vc_custom_1739826994351{margin-bottom: 35px !important;}<\/style>[vc_row woodmart_stretch_content=\"section-stretch\" woodmart_bg_position=\"center-center\" css=\".vc_custom_1739825205018{margin-top: -70px !important;margin-bottom: 0px !important;background: #FFFFFF url(https:\/\/birkoff.rs\/savezjos\/wp-content\/uploads\/2024\/10\/bg-scaled.jpg?id=18141) !important;background-position: center !important;background-repeat: no-repeat !important;background-size: cover !important;}\" woodmart_css_id=\"67b3a02ce900b\" responsive_spacing=\"eyJwYXJhbV90eXBlIjoid29vZG1hcnRfcmVzcG9uc2l2ZV9zcGFjaW5nIiwic2VsZWN0b3JfaWQiOiI2N2IzYTAyY2U5MDBiIiwic2hvcnRjb2RlIjoidmNfcm93IiwiZGF0YSI6eyJ0YWJsZXQiOnt9LCJtb2JpbGUiOnt9fX0=\" mobile_bg_img_hidden=\"no\" tablet_bg_img_hidden=\"no\" woodmart_parallax=\"0\" woodmart_gradient_switch=\"yes\" woodmart_box_shadow=\"no\" wd_z_index=\"no\" woodmart_disable_overflow=\"0\" row_reverse_mobile=\"0\" row_reverse_tablet=\"0\" woodmart_color_gradient=\"rgba(113, 128, 181, 0.31)-3\/rgba(113, 128, 181, 0.31)-99\/|linear-gradient(left , rgba(113, 128, 181, 0.31) 3% , rgba(113, 128, 181, 0.31) 99%)|linear|left\" min_height=\"214\"][vc_column woodmart_css_id=\"670b997d0bc4e\" parallax_scroll=\"no\" woodmart_sticky_column=\"false\" wd_collapsible_content_switcher=\"no\" wd_column_role_offcanvas_desktop=\"no\" wd_column_role_offcanvas_tablet=\"no\" wd_column_role_offcanvas_mobile=\"no\" wd_column_role_content_desktop=\"no\" wd_column_role_content_tablet=\"no\" wd_column_role_content_mobile=\"no\" mobile_bg_img_hidden=\"no\" tablet_bg_img_hidden=\"no\" woodmart_parallax=\"0\" woodmart_box_shadow=\"no\" responsive_spacing=\"eyJwYXJhbV90eXBlIjoid29vZG1hcnRfcmVzcG9uc2l2ZV9zcGFjaW5nIiwic2VsZWN0b3JfaWQiOiI2NzBiOTk3ZDBiYzRlIiwic2hvcnRjb2RlIjoidmNfY29sdW1uIiwiZGF0YSI6eyJ0YWJsZXQiOnt9LCJtb2JpbGUiOnt9fX0=\" mobile_reset_margin=\"no\" tablet_reset_margin=\"no\" wd_z_index=\"no\"][vc_column_text css=\".vc_custom_1739826911104{margin-bottom: 0px !important;padding-top: 70px !important;padding-left: 15px !important;}\" woodmart_color_scheme=\"light\" woodmart_inline=\"no\" text_larger=\"no\" el_class=\"woodmart-title-container-kategorija\"]Nema dostupnog naslova[\/vc_column_text][vc_column_text css=\".vc_custom_1739826994351{margin-bottom: 35px !important;}\" woodmart_color_scheme=\"light\" woodmart_inline=\"no\" text_larger=\"no\"]<nav aria-label=\"breadcrumbs\">\n            <div class=\"breadcrumb-container theme1\">\n                <ol>\n                                    <\/ol>\n            <\/div>\n        <\/nav>    <script type=\"application\/ld+json\">\n        {\n            \"@context\": \"http:\/\/schema.org\",\n            \"@type\": \"BreadcrumbList\",\n            \"itemListElement\": [\n                            ]\n        }\n    <\/script>\n   \n    <script>\n            <\/script>\n[\/vc_column_text][\/vc_column][\/vc_row][\/vc_column_text][\/vc_column][\/vc_row][vc_row equal_height=&#8221;yes&#8221; woodmart_css_id=&#8221;670bef618a410&#8243; responsive_spacing=&#8221;eyJwYXJhbV90eXBlIjoid29vZG1hcnRfcmVzcG9uc2l2ZV9zcGFjaW5nIiwic2VsZWN0b3JfaWQiOiI2NzBiZWY2MThhNDEwIiwic2hvcnRjb2RlIjoidmNfcm93IiwiZGF0YSI6eyJ0YWJsZXQiOnt9LCJtb2JpbGUiOnt9fX0=&#8221; mobile_bg_img_hidden=&#8221;no&#8221; tablet_bg_img_hidden=&#8221;no&#8221; woodmart_parallax=&#8221;0&#8243; woodmart_gradient_switch=&#8221;no&#8221; woodmart_box_shadow=&#8221;no&#8221; wd_z_index=&#8221;no&#8221; woodmart_disable_overflow=&#8221;0&#8243; row_reverse_mobile=&#8221;0&#8243; row_reverse_tablet=&#8221;0&#8243;][vc_column width=&#8221;2\/5&#8243; woodmart_sticky_column_offset=&#8221;150&#8243; woodmart_css_id=&#8221;670bef5ab6fb2&#8243; parallax_scroll=&#8221;no&#8221; woodmart_sticky_column=&#8221;true&#8221; wd_collapsible_content_switcher=&#8221;no&#8221; wd_column_role_offcanvas_desktop=&#8221;no&#8221; wd_column_role_offcanvas_tablet=&#8221;no&#8221; wd_column_role_offcanvas_mobile=&#8221;no&#8221; wd_column_role_content_desktop=&#8221;no&#8221; wd_column_role_content_tablet=&#8221;no&#8221; wd_column_role_content_mobile=&#8221;no&#8221; mobile_bg_img_hidden=&#8221;no&#8221; tablet_bg_img_hidden=&#8221;no&#8221; woodmart_parallax=&#8221;0&#8243; woodmart_box_shadow=&#8221;no&#8221; responsive_spacing=&#8221;eyJwYXJhbV90eXBlIjoid29vZG1hcnRfcmVzcG9uc2l2ZV9zcGFjaW5nIiwic2VsZWN0b3JfaWQiOiI2NzBiZWY1YWI2ZmIyIiwic2hvcnRjb2RlIjoidmNfY29sdW1uIiwiZGF0YSI6eyJ0YWJsZXQiOnt9LCJtb2JpbGUiOnt9fX0=&#8221; mobile_reset_margin=&#8221;no&#8221; tablet_reset_margin=&#8221;no&#8221; wd_z_index=&#8221;no&#8221;]\t\t<div class=\"wd-wpb wd-rs-670ba89c41cd0 vc_custom_1728817580487\">\n\t\t\t\t\t<\/div>\n\t\t[\/vc_column][vc_column width=&#8221;3\/5&#8243;][vc_column_text css=&#8221;&#8221; woodmart_inline=&#8221;no&#8221; text_larger=&#8221;no&#8221;]<h2 style=\"border-bottom: 2px solid var(--brdcolor-gray-300); font-size: 36px; line-height: 39px; margin-bottom: -2px; padding-bottom: 10px; border-bottom: 2px solid var(--el-title-color); border-color: var(--el-title-color);\">Stipendije za 2020. godinu<\/h2>[\/vc_column_text][vc_separator color=&#8221;sky&#8221; css=&#8221;.vc_custom_1728807720293{margin-top: -30px !important;}&#8221; wd_hide_on_desktop=&#8221;no&#8221; wd_hide_on_tablet=&#8221;no&#8221; wd_hide_on_mobile=&#8221;no&#8221;]<div id=\"wppm-ajax-posts-0\" class=\"wppm-ajax-posts wppm_custom_css_1\" data-params='{\"post_type\":\"post\",\"post_status\":\"publish\",\"num\":\"26\",\"taxonomy\":\"category\",\"terms\":\"stipendije-za-2020-godinu\",\"template\":\"list\",\"list_split\":\"40-60\",\"list_sep\":\"no-border\",\"imgwidth\":\"770\",\"imgheight\":\"740\",\"imgquality\":\"100\",\"mq_list\":\"%5B%7B%22width%22%3A%22600%22%2C%22img_ratio%22%3A%2225%22%2C%22min_img_width%22%3A%220%22%7D%5D\",\"ajaxnav\":\"true\",\"nav_status\":\"true\",\"nav_status_text\":\"%current% od %total%\",\"hsize\":\"20\",\"psize\":\"16\",\"excerpt_length\":\"11\",\"readmore\":\"true\",\"readmore_text\":\"DETALJNIJE\",\"hide_cats\":\"true\",\"hide_author\":\"true\",\"hide_comments\":\"true\",\"hide_views\":\"true\",\"hide_reviews\":\"true\",\"hide_post_format_icon\":\"true\",\"ad_list\":\"%5B%7B%7D%5D\"}' data-maxposts=\"2\"><div id=\"wppm-ajax-posts-0-sub-1\" class=\"wppm wppm-list columns-1 gutter-24 list-gutter-24 split-40-60 no-border\"><div id=\"post-13503\" class=\"wppm-post 13503 post-13503 post type-post status-publish format-standard has-post-thumbnail hentry category-stipendije-za-2020-godinu\"><div class=\"post-img-wrap\"><div class=\"post-img\"><a href=\"https:\/\/birkoff.rs\/savezjos\/2020\/12\/08\/obavestenje-o-odobrenim-stipendijama-za-skolsku-2020-2021-godinu\/\" title=\"Obave\u0161tenje o odobrenim stipendijama za \u0161kolsku 2020\/2021. godinu\"><img decoding=\"async\" class=\"wppm-img\" src=\"https:\/\/birkoff.rs\/savezjos\/wp-content\/uploads\/bfi_thumb\/thumb-22offq79415qsj5la08o5ie216baszo9fdatrbsh1ds4.jpg\" alt=\"Obave\u0161tenje o odobrenim stipendijama za \u0161kolsku 2020\/2021. godinu\" title=\"Obave\u0161tenje o odobrenim stipendijama za \u0161kolsku 2020\/2021. godinu\"\/><\/a><\/div><\/div><div class=\"post-content\"><h2 class=\"entry-title fs-20 fw-400\"><a href=\"https:\/\/birkoff.rs\/savezjos\/2020\/12\/08\/obavestenje-o-odobrenim-stipendijama-za-skolsku-2020-2021-godinu\/\" title=\"Obave\u0161tenje o odobrenim stipendijama za \u0161kolsku 2020\/2021. godinu\">Obave\u0161tenje o odobrenim stipendijama za \u0161kolsku 2020\/2021. godinu<\/a><\/h2><aside class=\"meta-row row-2\"><div class=\"meta-col\"><ul class=\"entry-meta\"><li class=\"post-time\"><time class=\"entry-date updated\" datetime=\"2020-12-08T15:42:00+02:00\">08\/12\/2020<\/time><\/li><li class=\"post-author schema-only\"><span class=\"screen-reader-text\">Author<\/span><a href=\"https:\/\/birkoff.rs\/savezjos\/author\/savezjos\/\"><span class=\"vcard author savezjos\"><span class=\"fn\">savezjos<\/span><\/span><\/a><\/li><\/ul><\/div><\/aside><p class=\"post-text fs-16\">Na osnovu ovla\u0161\u0107enja za odlu\u010divanje koji je Izvr\u0161ni odbor Saveza jevrejskih &hellip;<\/p><aside class=\"meta-row row-3\"><div class=\"meta-col col-50\"><a class=\"readmore-link\" href=\"https:\/\/birkoff.rs\/savezjos\/2020\/12\/08\/obavestenje-o-odobrenim-stipendijama-za-skolsku-2020-2021-godinu\/\">DETALJNIJE<\/a><\/div><div class=\"meta-col col-50 text-right\"><\/div><\/aside><\/div><\/div><div id=\"post-14061\" class=\"wppm-post 14061 post-14061 post type-post status-publish format-standard has-post-thumbnail hentry category-stipendije-za-2020-godinu\"><div class=\"post-img-wrap\"><div class=\"post-img\"><a href=\"https:\/\/birkoff.rs\/savezjos\/2020\/09\/15\/interni-poziv-za-stipendiranje-studenata-iz-jevrejske-zajednice-srbije-u-skolskoj-2020-2021-godini\/\" title=\"Interni poziv za stipendiranje  studenata iz  jevrejske zajednice Srbije u \u0161kolskoj 2020\/2021 godini\"><img decoding=\"async\" class=\"wppm-img\" src=\"https:\/\/birkoff.rs\/savezjos\/wp-content\/uploads\/bfi_thumb\/thumb-22offq79415qsj5la08o5ie216baszo9fdatrbsh1ds4.jpg\" alt=\"Interni poziv za stipendiranje  studenata iz  jevrejske zajednice Srbije u \u0161kolskoj 2020\/2021 godini\" title=\"Interni poziv za stipendiranje  studenata iz  jevrejske zajednice Srbije u \u0161kolskoj 2020\/2021 godini\"\/><\/a><\/div><\/div><div class=\"post-content\"><h2 class=\"entry-title fs-20 fw-400\"><a href=\"https:\/\/birkoff.rs\/savezjos\/2020\/09\/15\/interni-poziv-za-stipendiranje-studenata-iz-jevrejske-zajednice-srbije-u-skolskoj-2020-2021-godini\/\" title=\"Interni poziv za stipendiranje  studenata iz  jevrejske zajednice Srbije u \u0161kolskoj 2020\/2021 godini\">Interni poziv za stipendiranje  studenata iz  jevrejske zajednice Srbije u \u0161kolskoj 2020\/2021 godini<\/a><\/h2><aside class=\"meta-row row-2\"><div class=\"meta-col\"><ul class=\"entry-meta\"><li class=\"post-time\"><time class=\"entry-date updated\" datetime=\"2020-09-15T11:57:01+02:00\">15\/09\/2020<\/time><\/li><li class=\"post-author schema-only\"><span class=\"screen-reader-text\">Author<\/span><a href=\"https:\/\/birkoff.rs\/savezjos\/author\/savezjos\/\"><span class=\"vcard author savezjos\"><span class=\"fn\">savezjos<\/span><\/span><\/a><\/li><\/ul><\/div><\/aside><p class=\"post-text fs-16\">Savez jevrejskih op\u0161tina Srbije raspisuje interni poziv za stipendiranje studenata iz &hellip;<\/p><aside class=\"meta-row row-3\"><div class=\"meta-col col-50\"><a class=\"readmore-link\" href=\"https:\/\/birkoff.rs\/savezjos\/2020\/09\/15\/interni-poziv-za-stipendiranje-studenata-iz-jevrejske-zajednice-srbije-u-skolskoj-2020-2021-godini\/\">DETALJNIJE<\/a><\/div><div class=\"meta-col col-50 text-right\"><\/div><\/aside><\/div><\/div><\/div><div class=\"wppm-loading-spinner\"><\/div><div class=\"wppm-ajax-nav\"><a class=\"prev-link disabled\" href=\"#\">Prev<\/a> <a class=\"next-link\" href=\"#\">Next<\/a><span class=\"nav-status\" data-format=\"%current% od %total%\"><\/span><\/div><\/div>[\/vc_column][\/vc_row][\/vc_section]<\/p>\n<\/div>","protected":false},"excerpt":{"rendered":"<p>[vc_section full_width=&#8221;stretch_row&#8221; woodmart_css_id=&#8221;670bdfe331ab0&#8243; responsive_spacing=&#8221;eyJwYXJhbV90eXBlIjoid29vZG1hcnRfcmVzcG9uc2l2ZV9zcGFjaW5nIiwic2VsZWN0b3JfaWQiOiI2NzBiZGZlMzMxYWIwIiwic2hvcnRjb2RlIjoidmNfc2VjdGlvbiIsImRhdGEiOnsidGFibGV0Ijp7fSwibW9iaWxlIjp7fX19&#8243; mobile_bg_img_hidden=&#8221;no&#8221; tablet_bg_img_hidden=&#8221;no&#8221; woodmart_parallax=&#8221;0&#8243; woodmart_gradient_switch=&#8221;no&#8221; woodmart_box_shadow=&#8221;no&#8221; wd_z_index=&#8221;no&#8221; woodmart_disable_overflow=&#8221;0&#8243; css=&#8221;.vc_custom_1728831478966{margin-top: -40px !important;}&#8221;][vc_row woodmart_stretch_content=&#8221;section-stretch&#8221; woodmart_bg_position=&#8221;center-center&#8221; css=&#8221;.vc_custom_1728814278194{background-color: #FFFFFF !important;background-position: center<\/p>\n","protected":false},"author":1,"featured_media":0,"parent":14096,"menu_order":0,"comment_status":"closed","ping_status":"closed","template":"","meta":{"_acf_changed":false,"footnotes":""},"class_list":["post-14101","page","type-page","status-publish","hentry"],"acf":[],"_links":{"self":[{"href":"https:\/\/birkoff.rs\/savezjos\/wp-json\/wp\/v2\/pages\/14101","targetHints":{"allow":["GET"]}}],"collection":[{"href":"https:\/\/birkoff.rs\/savezjos\/wp-json\/wp\/v2\/pages"}],"about":[{"href":"https:\/\/birkoff.rs\/savezjos\/wp-json\/wp\/v2\/types\/page"}],"author":[{"embeddable":true,"href":"https:\/\/birkoff.rs\/savezjos\/wp-json\/wp\/v2\/users\/1"}],"replies":[{"embeddable":true,"href":"https:\/\/birkoff.rs\/savezjos\/wp-json\/wp\/v2\/comments?post=14101"}],"version-history":[{"count":5,"href":"https:\/\/birkoff.rs\/savezjos\/wp-json\/wp\/v2\/pages\/14101\/revisions"}],"predecessor-version":[{"id":18535,"href":"https:\/\/birkoff.rs\/savezjos\/wp-json\/wp\/v2\/pages\/14101\/revisions\/18535"}],"up":[{"embeddable":true,"href":"https:\/\/birkoff.rs\/savezjos\/wp-json\/wp\/v2\/pages\/14096"}],"wp:attachment":[{"href":"https:\/\/birkoff.rs\/savezjos\/wp-json\/wp\/v2\/media?parent=14101"}],"curies":[{"name":"wp","href":"https:\/\/api.w.org\/{rel}","templated":true}]}}